{"id":7,"date":"2012-02-19T15:38:40","date_gmt":"2012-02-19T15:38:40","guid":{"rendered":"http:\/\/saripiittinen.wordpress.com\/?page_id=2"},"modified":"2025-06-02T20:36:56","modified_gmt":"2025-06-02T18:36:56","slug":"about","status":"publish","type":"page","link":"https:\/\/sari.piittinen.name\/","title":{"rendered":""},"content":{"rendered":"<h1>Moi!<\/h1>\n<p>&#8230;Ja tervetuloa sivuilleni!<\/p>\n<p>Olen Sari, peli- ja kielin\u00f6rtti. Ty\u00f6skentelen t\u00e4ll\u00e4 hetkell\u00e4 teknisen viestinn\u00e4n koordinaattorina. Sit\u00e4 aiemmin olen urallani eksynyt tutkimaan pelien tarinankerrontaa ja YouTuben pelivideoita sek\u00e4 opettamaan yliopistossa englannin kielen viestint\u00e4- ja kielioppikursseja.<\/p>\n\n\n<p><strong>Minusta<\/strong>-osiosta l\u00f6yd\u00e4t hieman lis\u00e4tietoa persoonastani ja ty\u00f6kokemuksestani t\u00e4h\u00e4n menness\u00e4.<br><strong>Blog<\/strong>-osiosta l\u00f6yd\u00e4t englanninkielisi\u00e4 blogitekstej\u00e4ni.<br><strong>CV<\/strong>-osiosta l\u00f6yd\u00e4t lis\u00e4tietoa ty\u00f6kokemuksestani, ja my\u00f6s muutaman opiskelijapalautteen opettamisestani. \ud83d\ude42<br><strong>Portfolio<\/strong>-osiosta l\u00f6yd\u00e4t linkkej\u00e4 n\u00e4ytteisiin erilaisista kirjoittamistani teksteist\u00e4. <\/p>\n\n\n\n<p>Logot: Sari Piittinen<\/p>\n","protected":false},"excerpt":{"rendered":"<p>Moi! &#8230;Ja tervetuloa sivuilleni! Olen Sari, peli- ja kielin\u00f6rtti. Ty\u00f6skentelen t\u00e4ll\u00e4 hetkell\u00e4 teknisen viestinn\u00e4n koordinaattorina. Sit\u00e4 aiemmin olen urallani eksynyt tutkimaan pelien tarinankerrontaa ja YouTuben pelivideoita sek\u00e4 opettamaan yliopistossa englannin kielen viestint\u00e4- ja kielioppikursseja. Minusta-osiosta l\u00f6yd\u00e4t hieman lis\u00e4tietoa persoonastani ja ty\u00f6kokemuksestani t\u00e4h\u00e4n menness\u00e4.Blog-osiosta l\u00f6yd\u00e4t englanninkielisi\u00e4 blogitekstej\u00e4ni.CV-osiosta l\u00f6yd\u00e4t lis\u00e4tietoa ty\u00f6kokemuksestani, ja my\u00f6s muutaman opiskelijapalautteen opettamisestani. \ud83d\ude42Portfolio-osiosta [&hellip;]<\/p>\n","protected":false},"author":2,"featured_media":0,"parent":0,"menu_order":0,"comment_status":"closed","ping_status":"open","template":"","meta":{"_mi_skip_tracking":false,"_monsterinsights_sitenote_active":false,"_monsterinsights_sitenote_note":"","_monsterinsights_sitenote_category":0},"aioseo_notices":[],"_links":{"self":[{"href":"https:\/\/sari.piittinen.name\/index.php?rest_route=\/wp\/v2\/pages\/7"}],"collection":[{"href":"https:\/\/sari.piittinen.name\/index.php?rest_route=\/wp\/v2\/pages"}],"about":[{"href":"https:\/\/sari.piittinen.name\/index.php?rest_route=\/wp\/v2\/types\/page"}],"author":[{"embeddable":true,"href":"https:\/\/sari.piittinen.name\/index.php?rest_route=\/wp\/v2\/users\/2"}],"replies":[{"embeddable":true,"href":"https:\/\/sari.piittinen.name\/index.php?rest_route=%2Fwp%2Fv2%2Fcomments&post=7"}],"version-history":[{"count":50,"href":"https:\/\/sari.piittinen.name\/index.php?rest_route=\/wp\/v2\/pages\/7\/revisions"}],"predecessor-version":[{"id":899,"href":"https:\/\/sari.piittinen.name\/index.php?rest_route=\/wp\/v2\/pages\/7\/revisions\/899"}],"wp:attachment":[{"href":"https:\/\/sari.piittinen.name\/index.php?rest_route=%2Fwp%2Fv2%2Fmedia&parent=7"}],"curies":[{"name":"wp","href":"https:\/\/api.w.org\/{rel}","templated":true}]}}